{"id":7095,"date":"2022-12-06T11:04:11","date_gmt":"2022-12-06T10:04:11","guid":{"rendered":"http:\/\/kinzo-berlin.de\/?page_id=7095"},"modified":"2025-06-27T11:49:58","modified_gmt":"2025-06-27T09:49:58","slug":"about-us","status":"publish","type":"page","link":"https:\/\/kinzo-berlin.de\/en\/about-us\/","title":{"rendered":"About us"},"content":{"rendered":"<section class=\"hero container\">\n    <div class=\"hero__image ll\">\n       <img\n    loading=\"lazy\"\n    data-src=\"https:\/\/kinzo-berlin.de\/wp-content\/uploads\/offfice-shot-sebastian-12-300x200.jpg\"\n     data-srcset=\"https:\/\/kinzo-berlin.de\/wp-content\/uploads\/offfice-shot-sebastian-12-scaled.jpg 2362w, https:\/\/kinzo-berlin.de\/wp-content\/uploads\/offfice-shot-sebastian-12-scaled.jpg 2025w, https:\/\/kinzo-berlin.de\/wp-content\/uploads\/offfice-shot-sebastian-12-1620x1080.jpg 1620w, https:\/\/kinzo-berlin.de\/wp-content\/uploads\/offfice-shot-sebastian-12-1350x900.jpg 1350w, https:\/\/kinzo-berlin.de\/wp-content\/uploads\/offfice-shot-sebastian-12-1152x768.jpg 1152w, https:\/\/kinzo-berlin.de\/wp-content\/uploads\/offfice-shot-sebastian-12-864x576.jpg 864w, https:\/\/kinzo-berlin.de\/wp-content\/uploads\/offfice-shot-sebastian-12-648x432.jpg 648w, https:\/\/kinzo-berlin.de\/wp-content\/uploads\/offfice-shot-sebastian-12-463x309.jpg 463w, https:\/\/kinzo-berlin.de\/wp-content\/uploads\/offfice-shot-sebastian-12-scaled.jpg 270w\"      sizes=\"auto, 100vw\"      width=\"300\"      height=\"200\"      alt=\"\"      class=\"image--hero\"     \/>\n \n    <\/div>\n  <\/section>\n\n\n\n<section class=\"intro-text container\">\n  <div class=\"container__wrapper\">\n\n      <h1 class=\"intro-text__title h3\">About Kinzo<\/h1>\n  \n      <p class=\"intro-text__text\">\n      We are a Berlin-founded architecture firm with a special focus on interior design, New Work and building in existing contexts. In an international team we develop special spaces that bring people together. We advise and design for more innovation, quality, efficiency and sustainability.\n\n    <\/p>\n        <\/div>\n  <\/section>\n\n\n<section class=\"images-double container section--white \">\n    <div class=\"container__wrapper container-double \">\n        <div class=\"images-double__left  images-double--portrait\">\n                            <div class=\"images-double__image-wrapper ll\">\n                     <img\n    loading=\"lazy\"\n    data-src=\"https:\/\/kinzo-berlin.de\/wp-content\/uploads\/SRB_200506030428_send_web-1-200x300.jpg\"\n     data-srcset=\"https:\/\/kinzo-berlin.de\/wp-content\/uploads\/SRB_200506030428_send_web-1-1366x2049.jpg 1366w, https:\/\/kinzo-berlin.de\/wp-content\/uploads\/SRB_200506030428_send_web-1-1024x1536.jpg 1024w, https:\/\/kinzo-berlin.de\/wp-content\/uploads\/SRB_200506030428_send_web-1-768x1152.jpg 768w, https:\/\/kinzo-berlin.de\/wp-content\/uploads\/SRB_200506030428_send_web-1-550x825.jpg 550w, https:\/\/kinzo-berlin.de\/wp-content\/uploads\/SRB_200506030428_send_web-1.jpg 320w\"      sizes=\"auto, 100vw\"      width=\"200\"      height=\"300\"      alt=\"\"          role=\"presentation\" \/>\n \n                <\/div>\n                    <\/div>\n        <div class=\"images-double__right  images-double--portrait\">\n                            <div class=\"images-double__image-wrapper ll\">\n                     <img\n    loading=\"lazy\"\n    data-src=\"https:\/\/kinzo-berlin.de\/wp-content\/uploads\/SRB_2005062005060337_send_web-1-200x300.jpg\"\n     data-srcset=\"https:\/\/kinzo-berlin.de\/wp-content\/uploads\/SRB_2005062005060337_send_web-1-1366x2049.jpg 1366w, https:\/\/kinzo-berlin.de\/wp-content\/uploads\/SRB_2005062005060337_send_web-1-1024x1536.jpg 1024w, https:\/\/kinzo-berlin.de\/wp-content\/uploads\/SRB_2005062005060337_send_web-1-768x1152.jpg 768w, https:\/\/kinzo-berlin.de\/wp-content\/uploads\/SRB_2005062005060337_send_web-1-550x825.jpg 550w, https:\/\/kinzo-berlin.de\/wp-content\/uploads\/SRB_2005062005060337_send_web-1.jpg 320w\"      sizes=\"auto, 100vw\"      width=\"200\"      height=\"300\"      alt=\"\"          role=\"presentation\" \/>\n \n                <\/div>\n                    <\/div>\n    <\/div>\n  <\/section>\n\n<section class=\"image-text container section--grey\">\n    <div class=\"container__wrapper container-double container-double--reversed\">\n      <div class=\"image-text__side ll\">\n                   <img\n    loading=\"lazy\"\n    data-src=\"https:\/\/kinzo-berlin.de\/wp-content\/uploads\/anna-kristin-kinzo-club-1-225x300.jpg\"\n     data-srcset=\"https:\/\/kinzo-berlin.de\/wp-content\/uploads\/anna-kristin-kinzo-club-1-scaled.jpg 1200w, https:\/\/kinzo-berlin.de\/wp-content\/uploads\/anna-kristin-kinzo-club-1-1024x1365.jpg 1024w, https:\/\/kinzo-berlin.de\/wp-content\/uploads\/anna-kristin-kinzo-club-1-768x1024.jpg 768w, https:\/\/kinzo-berlin.de\/wp-content\/uploads\/anna-kristin-kinzo-club-1-550x733.jpg 550w, https:\/\/kinzo-berlin.de\/wp-content\/uploads\/anna-kristin-kinzo-club-1-scaled.jpg 320w\"      sizes=\"auto, 100vw\"      width=\"225\"      height=\"300\"      alt=\"\"      class=\"image-text__image image-text__image--offset\"     \/>\n \n              <\/div>\n      <div class=\"image-text__side\">\n                  <div class=\"image-text__text-block\">\n            <h2 class=\"image-text__heading\">Our Vision: Create Places To Be<\/h2>            <div class=\"image-text__content image-text__content--m\">We create places that attract and inspire people again and again. Sustainable, successful and unique. To achieve this, we look at the city, the culture, the architecture &#8211; and, of course, the users who move around in it. Their perspective is our most important planning tool.\n<\/div>                      <\/div>\n              <\/div>\n    <\/div>\n  <\/section>\n\n\n<section class=\"image-text container section--white\">\n    <div class=\"container__wrapper container-double \">\n      <div class=\"image-text__side ll\">\n                   <img\n    loading=\"lazy\"\n    data-src=\"https:\/\/kinzo-berlin.de\/wp-content\/uploads\/offfice-shot-sebastian-neu-10-200x300.jpg\"\n     data-srcset=\"https:\/\/kinzo-berlin.de\/wp-content\/uploads\/offfice-shot-sebastian-neu-10-1366x2049.jpg 1366w, https:\/\/kinzo-berlin.de\/wp-content\/uploads\/offfice-shot-sebastian-neu-10-1024x1536.jpg 1024w, https:\/\/kinzo-berlin.de\/wp-content\/uploads\/offfice-shot-sebastian-neu-10-768x1152.jpg 768w, https:\/\/kinzo-berlin.de\/wp-content\/uploads\/offfice-shot-sebastian-neu-10-550x825.jpg 550w, https:\/\/kinzo-berlin.de\/wp-content\/uploads\/offfice-shot-sebastian-neu-10-scaled.jpg 320w\"      sizes=\"auto, 100vw\"      width=\"200\"      height=\"300\"      alt=\"\"      class=\"image-text__image image-text__image--offset\"     \/>\n \n              <\/div>\n      <div class=\"image-text__side\">\n                  <div class=\"image-text__text-block\">\n            <h2 class=\"image-text__heading\">What we do<\/h2>            <div class=\"image-text__content image-text__content--m\">We manage projects of different scales, in existing and new buildings, from the idea to its implementation. We take our customers with us to our workbench &#8211; transparent and agile, in real time and co-creative.\n<\/div>                      <\/div>\n              <\/div>\n    <\/div>\n  <\/section>\n\n\n\n<p><\/p>\n\n\n<section class=\"image-text container section--grey\">\n    <div class=\"container__wrapper container-double container-double--reversed\">\n      <div class=\"image-text__side ll\">\n                   <img\n    loading=\"lazy\"\n    data-src=\"https:\/\/kinzo-berlin.de\/wp-content\/uploads\/Ueber_uns_Startseite_Ina-2-231x300.jpg\"\n     data-srcset=\"https:\/\/kinzo-berlin.de\/wp-content\/uploads\/Ueber_uns_Startseite_Ina-2-e1704387915967.jpg 1200w, https:\/\/kinzo-berlin.de\/wp-content\/uploads\/Ueber_uns_Startseite_Ina-2-1024x1331.jpg 1024w, https:\/\/kinzo-berlin.de\/wp-content\/uploads\/Ueber_uns_Startseite_Ina-2-768x998.jpg 768w, https:\/\/kinzo-berlin.de\/wp-content\/uploads\/Ueber_uns_Startseite_Ina-2-550x715.jpg 550w, https:\/\/kinzo-berlin.de\/wp-content\/uploads\/Ueber_uns_Startseite_Ina-2-e1704387915967.jpg 320w\"      sizes=\"auto, 100vw\"      width=\"231\"      height=\"300\"      alt=\"\"      class=\"image-text__image \"     \/>\n \n              <\/div>\n      <div class=\"image-text__side\">\n                  <div class=\"image-text__text-block\">\n            <h2 class=\"image-text__heading\">Analysis and consulting<\/h2>            <div class=\"image-text__content image-text__content--s\">Building and site analysis \u2022 Vision and strategy development \u2022 Needs assessment \u2022 Workplace analysis \u2022 Stakeholder and target group analysis \u2022 Change management \u2022 Evaluation\n<\/div>                      <\/div>\n                  <div class=\"image-text__text-block\">\n            <h2 class=\"image-text__heading\">Strategy and conception<\/h2>            <div class=\"image-text__content image-text__content--s\">Programming and Zoning \u2022 Storytelling and Communication&#8217; \u2022 Brand Identity \u2022 Workplace Strategy \u2022 Blocking and Stacking \u2022 Space and Module \u2022 Test Fit\/Layout \u2022 Feasibility Studies \u2022 Biophilia \u2022 Look &#038; Feel\n<\/div>                      <\/div>\n                  <div class=\"image-text__text-block\">\n            <h2 class=\"image-text__heading\">Planning and implementation<\/h2>            <div class=\"image-text__content image-text__content--s\">Building in Existing Contexts \u2022 Architectural &#038; Interior Design Planning \u2022 General Planning \u2022 BIM Management \u2022 Lighting \u2022 Acoustics \u2022 Signaling \u2022 Product Design \u2022 Green Plant Planning \u2022 AV\/IT, Smart Building \u2022 Visualization, VR\/AR \u2022 Film and Photo Production\n<\/div>                      <\/div>\n              <\/div>\n    <\/div>\n  <\/section>\n\n\n<section class=\"intro-text container\">\n  <div class=\"container__wrapper\">\n\n      <h2 class=\"intro-text__title h3\">Sustainability at Kinzo<\/h2>\n  \n      <p class=\"intro-text__text\">\n      For us, sustainability means long-term project consulting and the processing of high-quality materials and solutions. We conduct ongoing material and product research, educate ourselves and support manufacturers in developing environmentally friendly manufacturing methods. Already today, many of our projects are DGNB and LEED certified.\n\n    <\/p>\n        <\/div>\n  <\/section>\n\n\n\n<div class=\"wp-block-group alignfull\"><div class=\"wp-block-group__inner-container is-layout-constrained wp-block-group-is-layout-constrained\"><section class=\"image-slider container section--white\">\n\n    <div class=\"grid\" data-grid=\"medium\" data-grid--large=\"x-wide\">\n      <div class=\"grid__item image-slider__content\" data-grid--x-large=\"5\/12\">\n\n                  <div class=\"image-slider__text image-slider__text--m\">\n            Numerous recycled materials were used for the Nike One Central HQ in Berlin, including shredded Nike textiles, original Berlin subway tiles and old gym floors.\n          <\/div>\n        \n        <div class=\"slider__navigation\">\n          <div class=\"slider__button-prev\"><span>Zur\u00fcck<\/span><\/div>\n          <div class=\"slider__button-next\"><span>Weiter<\/span><\/div>\n        <\/div>\n\n      <\/div><!-- grid__item -->\n\n      <div class=\"grid__item image-slider__images\" data-grid--x-large=\"7\/12\">\n\n        <div class=\"swiper-container slider slider--teaser slider--narrow\">\n          <div class=\"swiper-wrapper\">\n\n                          <div class=\"swiper-slide slider__slide\">\n                <div class=\"box__image-wrapper box__image-wrapper--2-3 box__image-wrapper--full\">\n\n                  <div class=\"image-slider__image ll ratio ratio--2-3\">\n                     <img\n    loading=\"lazy\"\n    data-src=\"https:\/\/kinzo-berlin.de\/wp-content\/uploads\/Kinzo-Nike-9666_2560px_send-227x300.jpg\"\n     data-srcset=\"https:\/\/kinzo-berlin.de\/wp-content\/uploads\/Kinzo-Nike-9666_2560px_send-1366x1809.jpg 1366w, https:\/\/kinzo-berlin.de\/wp-content\/uploads\/Kinzo-Nike-9666_2560px_send-1024x1356.jpg 1024w, https:\/\/kinzo-berlin.de\/wp-content\/uploads\/Kinzo-Nike-9666_2560px_send-768x1017.jpg 768w, https:\/\/kinzo-berlin.de\/wp-content\/uploads\/Kinzo-Nike-9666_2560px_send-550x728.jpg 550w, https:\/\/kinzo-berlin.de\/wp-content\/uploads\/Kinzo-Nike-9666_2560px_send.jpg 320w\"      sizes=\"auto, 100vw\"      width=\"227\"      height=\"300\"      alt=\"\"          role=\"presentation\" \/>\n \n                  <\/div>\n\n                <\/div>\n              <\/div>\n                          <div class=\"swiper-slide slider__slide\">\n                <div class=\"box__image-wrapper box__image-wrapper--2-3 box__image-wrapper--full\">\n\n                  <div class=\"image-slider__image ll ratio ratio--2-3\">\n                     <img\n    loading=\"lazy\"\n    data-src=\"https:\/\/kinzo-berlin.de\/wp-content\/uploads\/Kinzo-Nike-9368_2560px_send-300x200.jpg\"\n     data-srcset=\"https:\/\/kinzo-berlin.de\/wp-content\/uploads\/Kinzo-Nike-9368_2560px_send-e1680085792683.jpg 2362w, https:\/\/kinzo-berlin.de\/wp-content\/uploads\/Kinzo-Nike-9368_2560px_send-e1680085792683.jpg 2025w, https:\/\/kinzo-berlin.de\/wp-content\/uploads\/Kinzo-Nike-9368_2560px_send-e1680085792683.jpg 1620w, https:\/\/kinzo-berlin.de\/wp-content\/uploads\/Kinzo-Nike-9368_2560px_send-e1680085792683.jpg 1350w, https:\/\/kinzo-berlin.de\/wp-content\/uploads\/Kinzo-Nike-9368_2560px_send-e1680085792683.jpg 1152w, https:\/\/kinzo-berlin.de\/wp-content\/uploads\/Kinzo-Nike-9368_2560px_send-e1680085792683.jpg 864w, https:\/\/kinzo-berlin.de\/wp-content\/uploads\/Kinzo-Nike-9368_2560px_send-e1680085792683.jpg 648w, https:\/\/kinzo-berlin.de\/wp-content\/uploads\/Kinzo-Nike-9368_2560px_send-e1680085792683.jpg 463w, https:\/\/kinzo-berlin.de\/wp-content\/uploads\/Kinzo-Nike-9368_2560px_send-e1680085792683.jpg 270w\"      sizes=\"auto, 100vw\"      width=\"300\"      height=\"200\"      alt=\"\"          role=\"presentation\" \/>\n \n                  <\/div>\n\n                <\/div>\n              <\/div>\n                          <div class=\"swiper-slide slider__slide\">\n                <div class=\"box__image-wrapper box__image-wrapper--2-3 box__image-wrapper--full\">\n\n                  <div class=\"image-slider__image ll ratio ratio--2-3\">\n                     <img\n    loading=\"lazy\"\n    data-src=\"https:\/\/kinzo-berlin.de\/wp-content\/uploads\/Kinzo_Nike-5853_2560px_send-1-200x300.jpeg\"\n     data-srcset=\"https:\/\/kinzo-berlin.de\/wp-content\/uploads\/Kinzo_Nike-5853_2560px_send-1-1366x2049.jpeg 1366w, https:\/\/kinzo-berlin.de\/wp-content\/uploads\/Kinzo_Nike-5853_2560px_send-1-1024x1536.jpeg 1024w, https:\/\/kinzo-berlin.de\/wp-content\/uploads\/Kinzo_Nike-5853_2560px_send-1-768x1152.jpeg 768w, https:\/\/kinzo-berlin.de\/wp-content\/uploads\/Kinzo_Nike-5853_2560px_send-1-550x825.jpeg 550w, https:\/\/kinzo-berlin.de\/wp-content\/uploads\/Kinzo_Nike-5853_2560px_send-1-scaled.jpeg 320w\"      sizes=\"auto, 100vw\"      width=\"200\"      height=\"300\"      alt=\"\"          role=\"presentation\" \/>\n \n                  <\/div>\n\n                <\/div>\n              <\/div>\n                          <div class=\"swiper-slide slider__slide\">\n                <div class=\"box__image-wrapper box__image-wrapper--2-3 box__image-wrapper--full\">\n\n                  <div class=\"image-slider__image ll ratio ratio--2-3\">\n                     <img\n    loading=\"lazy\"\n    data-src=\"https:\/\/kinzo-berlin.de\/wp-content\/uploads\/Kinzo-Nike-9027_2560px_send-1-200x300.jpeg\"\n     data-srcset=\"https:\/\/kinzo-berlin.de\/wp-content\/uploads\/Kinzo-Nike-9027_2560px_send-1-scaled.jpeg 1366w, https:\/\/kinzo-berlin.de\/wp-content\/uploads\/Kinzo-Nike-9027_2560px_send-1-scaled.jpeg 1024w, https:\/\/kinzo-berlin.de\/wp-content\/uploads\/Kinzo-Nike-9027_2560px_send-1-scaled.jpeg 768w, https:\/\/kinzo-berlin.de\/wp-content\/uploads\/Kinzo-Nike-9027_2560px_send-1-scaled.jpeg 550w, https:\/\/kinzo-berlin.de\/wp-content\/uploads\/Kinzo-Nike-9027_2560px_send-1-scaled.jpeg 320w\"      sizes=\"auto, 100vw\"      width=\"200\"      height=\"300\"      alt=\"\"          role=\"presentation\" \/>\n \n                  <\/div>\n\n                <\/div>\n              <\/div>\n                      \n          <\/div>\n\n          <div class=\"swiper-pagination\"><\/div>\n        <\/div>\n\n      <\/div><!-- grid__item -->\n\n    <\/div><!-- grid -->\n\n\t<\/section>\n<\/div><\/div>\n\n\n<section class=\"text-toggle container \">\n  <div class=\"container__wrapper\">\n    \n    <div class=\"text-toggle__side\">\n              <h3 class=\"text-toggle__heading h3\">We work with international clients<\/h3>        <div class=\"text-toggle__content text--large\">50 Hertz, Accenture, adidas, Allen &amp; Overy, Am Tacheles, AmorePacific, Art-Invest, Atrium, Augustus, Avi Medical, Axel Springer, BASF, Berlin Hyp, Berliner Sparkasse, Berlin Institute of Health, Berlinische Galerie, BIOTRONIK, Bosch, Boston Consulting Group DV, Breitling, Caleus Capital Investors, Cartier, Charit\u00e9 Berlin, Covestro Deutschland, Deloitte, Deutsche Kreditbank AG, Deutsche Bahn, Deutscher Sparkassen- &amp; Giroverband e.V., Dock Inn, Egon Zehnder, Ernst &amp; Young, Erste Group, Etsy, Fjord, Freshfields, Funke, GBI, GetYourGuide, Google, Havas, Hines Immobilien, Investa Real Estate, Kanam Grund, KFW, Kinderspital Z\u00fcrich, K\u00f6ster &amp; Nissen, KPMG, KWS Saat, LABORGH, Max-Delbr\u00fcck-Centrum, Mercedes, Miele, MOL Group, Munich-Re, M\u00fcnchner Verein, Nike, Oxford, PUBG, PWC, Roland Berger, Sanofi, ServiceNow, SieMatic, Signa, SoundCloud, Stadt Bochum, Strabag, Studentenwerk Bonn, Suhrkamp Verlag, Th\u00fcringer Energie, Wuppertaler Stadtwerke, Uhlmann, Umweltbank, Uniqa Insurance Group, Universal Music, Versicherungskammer Bayern, Vitra, Zalando and more<\/div>              <h3 class=\"text-toggle__heading h3\">&#8230; and renowned partners<\/h3>        <div class=\"text-toggle__content text--large\">Arup, Barkow Leibinger, Baumschlager Eberle, B\u00fcro Happold, Carpus und Partner, Cross Architecture, D\/Form, David Chipperfield Architects, DWI, Finta Studio, Formitas, Foster und Partners, gmp, h4a, Helmut Jahn, Herzog &amp; de Meuron, JLL, KVL, HENN, kwa, Lichtvision Design, LichtKunstLicht, Lin Architects, Love Architects, minusplus, pbr, RKW, Tishman Speyer, Turner Townsend, SMV, Werner Sobek and more<\/div>          <\/div>\n  <\/div>\n<\/section>\n\n\n<section class=\"image-text container section--white\">\n    <div class=\"container__wrapper container-double \">\n      <div class=\"image-text__side ll\">\n              <\/div>\n      <div class=\"image-text__side\">\n              <\/div>\n    <\/div>\n  <\/section>\n\n\n<section class=\"image-text container section--white\">\n    <div class=\"container__wrapper container-double \">\n      <div class=\"image-text__side ll\">\n                   <img\n    loading=\"lazy\"\n    data-src=\"https:\/\/kinzo-berlin.de\/wp-content\/uploads\/0809-onoffice_-1-225x300.jpg\"\n     data-srcset=\"https:\/\/kinzo-berlin.de\/wp-content\/uploads\/0809-onoffice_-1-scaled.jpg 1366w, https:\/\/kinzo-berlin.de\/wp-content\/uploads\/0809-onoffice_-1-scaled.jpg 1024w, https:\/\/kinzo-berlin.de\/wp-content\/uploads\/0809-onoffice_-1-scaled.jpg 768w, https:\/\/kinzo-berlin.de\/wp-content\/uploads\/0809-onoffice_-1-scaled.jpg 550w, https:\/\/kinzo-berlin.de\/wp-content\/uploads\/0809-onoffice_-1-scaled.jpg 320w\"      sizes=\"auto, 100vw\"      width=\"225\"      height=\"300\"      alt=\"\"      class=\"image-text__image \"     \/>\n \n              <\/div>\n      <div class=\"image-text__side\">\n                  <div class=\"image-text__text-block\">\n            <h2 class=\"image-text__heading\"><\/h2>            <div class=\"image-text__content image-text__content--m\">Kinzo was founded in 2005 by Chris Middleton, Martin Jacobs and Karim El-Ishmawi.\n<\/div>                      <\/div>\n              <\/div>\n    <\/div>\n  <\/section>\n\n\n<section class=\"call-to-action container\">\n    <div class=\"container__wrapper\">\n\n              \n        <a class=\"call-to-action__link\" href=\"https:\/\/kinzo-berlin.de\/en\/contact\/\" title=\"Contact\" target=\"_self\">\n          Contact\n        <\/a>\n      \n    <\/div>\n  <\/section>","protected":false},"excerpt":{"rendered":"","protected":false},"author":10,"featured_media":0,"parent":0,"menu_order":0,"comment_status":"closed","ping_status":"closed","template":"","meta":{"_acf_changed":false,"inline_featured_image":false,"footnotes":""},"class_list":["post-7095","page","type-page","status-publish","hentry"],"acf":[],"yoast_head":"<!-- This site is optimized with the Yoast SEO plugin v27.4 - https:\/\/yoast.com\/product\/yoast-seo-wordpress\/ -->\n<title>Kinzo \u2013 About us<\/title>\n<meta name=\"description\" content=\"We are a Berlin-founded architecture firm with a special focus on interior design, New Work and building in existing contexts.\" \/>\n<meta name=\"robots\" content=\"index, follow, max-snippet:-1, max-image-preview:large, max-video-preview:-1\" \/>\n<link rel=\"canonical\" href=\"https:\/\/kinzo-berlin.de\/en\/about-us\/\" \/>\n<meta property=\"og:locale\" content=\"en_GB\" \/>\n<meta property=\"og:type\" content=\"article\" \/>\n<meta property=\"og:title\" content=\"Kinzo \u2013 About us\" \/>\n<meta property=\"og:description\" content=\"We are a Berlin-founded architecture firm with a special focus on interior design, New Work and building in existing contexts.\" \/>\n<meta property=\"og:url\" content=\"https:\/\/kinzo-berlin.de\/en\/about-us\/\" \/>\n<meta property=\"og:site_name\" content=\"Kinzo\" \/>\n<meta property=\"article:modified_time\" content=\"2025-06-27T09:49:58+00:00\" \/>\n<meta name=\"twitter:card\" content=\"summary_large_image\" \/>\n<script type=\"application\/ld+json\" class=\"yoast-schema-graph\">{\"@context\":\"https:\\\/\\\/schema.org\",\"@graph\":[{\"@type\":\"WebPage\",\"@id\":\"https:\\\/\\\/kinzo-berlin.de\\\/en\\\/about-us\\\/\",\"url\":\"https:\\\/\\\/kinzo-berlin.de\\\/en\\\/about-us\\\/\",\"name\":\"Kinzo \u2013 About us\",\"isPartOf\":{\"@id\":\"https:\\\/\\\/kinzo-berlin.de\\\/en\\\/#website\"},\"datePublished\":\"2022-12-06T10:04:11+00:00\",\"dateModified\":\"2025-06-27T09:49:58+00:00\",\"description\":\"We are a Berlin-founded architecture firm with a special focus on interior design, New Work and building in existing contexts.\",\"inLanguage\":\"en-GB\",\"potentialAction\":[{\"@type\":\"ReadAction\",\"target\":[\"https:\\\/\\\/kinzo-berlin.de\\\/en\\\/about-us\\\/\"]}]},{\"@type\":\"WebSite\",\"@id\":\"https:\\\/\\\/kinzo-berlin.de\\\/en\\\/#website\",\"url\":\"https:\\\/\\\/kinzo-berlin.de\\\/en\\\/\",\"name\":\"Kinzo\",\"description\":\"Eine weitere WordPress-Seite\",\"potentialAction\":[{\"@type\":\"SearchAction\",\"target\":{\"@type\":\"EntryPoint\",\"urlTemplate\":\"https:\\\/\\\/kinzo-berlin.de\\\/en\\\/?s={search_term_string}\"},\"query-input\":{\"@type\":\"PropertyValueSpecification\",\"valueRequired\":true,\"valueName\":\"search_term_string\"}}],\"inLanguage\":\"en-GB\"}]}<\/script>\n<!-- \/ Yoast SEO plugin. -->","yoast_head_json":{"title":"Kinzo \u2013 About us","description":"We are a Berlin-founded architecture firm with a special focus on interior design, New Work and building in existing contexts.","robots":{"index":"index","follow":"follow","max-snippet":"max-snippet:-1","max-image-preview":"max-image-preview:large","max-video-preview":"max-video-preview:-1"},"canonical":"https:\/\/kinzo-berlin.de\/en\/about-us\/","og_locale":"en_GB","og_type":"article","og_title":"Kinzo \u2013 About us","og_description":"We are a Berlin-founded architecture firm with a special focus on interior design, New Work and building in existing contexts.","og_url":"https:\/\/kinzo-berlin.de\/en\/about-us\/","og_site_name":"Kinzo","article_modified_time":"2025-06-27T09:49:58+00:00","twitter_card":"summary_large_image","schema":{"@context":"https:\/\/schema.org","@graph":[{"@type":"WebPage","@id":"https:\/\/kinzo-berlin.de\/en\/about-us\/","url":"https:\/\/kinzo-berlin.de\/en\/about-us\/","name":"Kinzo \u2013 About us","isPartOf":{"@id":"https:\/\/kinzo-berlin.de\/en\/#website"},"datePublished":"2022-12-06T10:04:11+00:00","dateModified":"2025-06-27T09:49:58+00:00","description":"We are a Berlin-founded architecture firm with a special focus on interior design, New Work and building in existing contexts.","inLanguage":"en-GB","potentialAction":[{"@type":"ReadAction","target":["https:\/\/kinzo-berlin.de\/en\/about-us\/"]}]},{"@type":"WebSite","@id":"https:\/\/kinzo-berlin.de\/en\/#website","url":"https:\/\/kinzo-berlin.de\/en\/","name":"Kinzo","description":"Eine weitere WordPress-Seite","potentialAction":[{"@type":"SearchAction","target":{"@type":"EntryPoint","urlTemplate":"https:\/\/kinzo-berlin.de\/en\/?s={search_term_string}"},"query-input":{"@type":"PropertyValueSpecification","valueRequired":true,"valueName":"search_term_string"}}],"inLanguage":"en-GB"}]}},"_links":{"self":[{"href":"https:\/\/kinzo-berlin.de\/en\/wp-json\/wp\/v2\/pages\/7095","targetHints":{"allow":["GET"]}}],"collection":[{"href":"https:\/\/kinzo-berlin.de\/en\/wp-json\/wp\/v2\/pages"}],"about":[{"href":"https:\/\/kinzo-berlin.de\/en\/wp-json\/wp\/v2\/types\/page"}],"author":[{"embeddable":true,"href":"https:\/\/kinzo-berlin.de\/en\/wp-json\/wp\/v2\/users\/10"}],"replies":[{"embeddable":true,"href":"https:\/\/kinzo-berlin.de\/en\/wp-json\/wp\/v2\/comments?post=7095"}],"version-history":[{"count":56,"href":"https:\/\/kinzo-berlin.de\/en\/wp-json\/wp\/v2\/pages\/7095\/revisions"}],"predecessor-version":[{"id":22435,"href":"https:\/\/kinzo-berlin.de\/en\/wp-json\/wp\/v2\/pages\/7095\/revisions\/22435"}],"wp:attachment":[{"href":"https:\/\/kinzo-berlin.de\/en\/wp-json\/wp\/v2\/media?parent=7095"}],"curies":[{"name":"wp","href":"https:\/\/api.w.org\/{rel}","templated":true}]}}